{"id":98,"date":"2014-10-04T15:20:38","date_gmt":"2014-10-04T13:20:38","guid":{"rendered":"http:\/\/fdvseyssins.fr\/wordpress\/?page_id=98"},"modified":"2024-12-01T22:42:24","modified_gmt":"2024-12-01T21:42:24","slug":"hall-of-fame","status":"publish","type":"page","link":"https:\/\/fdvseyssins.fr\/wordpress\/tournois\/hall-of-fame\/","title":{"rendered":"Hall of fame"},"content":{"rendered":"<h1>Saison 2024-2025<\/h1>\n<h4>Tournoi d&rsquo;automne<\/h4>\n<p>Podium du tournoi \u00ab\u00a0Matin\u00a0\u00bb du 1\/12\/2024<br \/>\n1er Antoine (du mardi) \/ 2eme Gr\u00e9gory \/ 3eme Emmanuel<br \/>\nR\u00e9sultats complets : <a href=\"https:\/\/fdvseyssins.fr\/wordpress\/wp-content\/uploads\/2024\/12\/TournoiBad_202412_09h.pdf\">TournoiBad_202412_09h<\/a><\/p>\n<p>Podium du tournoi \u00ab\u00a0Apr\u00e8s-midi\u00a0\u00bb du 1\/12\/2024<br \/>\n1er Luc \/ 2eme Damien\/ 3eme Marie-Liesse<br \/>\nR\u00e9sultats complets : <a href=\"https:\/\/fdvseyssins.fr\/wordpress\/wp-content\/uploads\/2024\/12\/TournoiBad_202412_14h.pdf\">TournoiBad_202412_14h<\/a><\/p>\n<h1>Saison 2023-2024<\/h1>\n<h4>Tournoi d&rsquo;automne<\/h4>\n<p>Podium du tournoi \u00ab\u00a0Matin\u00a0\u00bb du 10\/12\/2022<br \/>\n1er Antoine \/ 2eme Kevin \/ 3eme Fred<br \/>\nR\u00e9sultats complets :<a href=\"https:\/\/fdvseyssins.fr\/wordpress\/wp-content\/uploads\/2023\/12\/TournoiBad_202312_09h.pdf\"> TournoiBad_202312_09h<\/a><\/p>\n<p>Podium du tournoi \u00ab\u00a0Apr\u00e8s-midi\u00a0\u00bb du 10\/12\/2022<br \/>\n1er Greg \/ 2eme Ben \/ 3eme Polo<br \/>\nR\u00e9sultats complets : <a href=\"https:\/\/fdvseyssins.fr\/wordpress\/wp-content\/uploads\/2023\/12\/TournoiBad_202312_14h.pdf\">TournoiBad_202312_14h<\/a><\/p>\n<h4>Tournoi d&rsquo;hiver<\/h4>\n<p>Podium du tournoi \u00ab\u00a0Matin\u00a0\u00bb du 17\/03\/2023<br \/>\n1er Kevin \/ 2eme Jean-Fred \/ 3eme S\u00e9verine<br \/>\nR\u00e9sultats complets :\u00a0<a href=\"https:\/\/fdvseyssins.fr\/wordpress\/wp-content\/uploads\/2024\/03\/TournoiBad_202403_09h.pdf\">TournoiBad_202403_09h<\/a><\/p>\n<p>Podium du tournoi \u00ab\u00a0Apr\u00e8s-midi\u00a0\u00bb du 17\/03\/2023<br \/>\n1er Elodie \/ 2eme Hugo \/ 3eme Antoine<br \/>\nR\u00e9sultats complets :\u00a0<a href=\"https:\/\/fdvseyssins.fr\/wordpress\/wp-content\/uploads\/2024\/03\/TournoiBad_202403_14h.pdf\">TournoiBad_202403_14h<\/a><\/p>\n<h4>Tournoi de printemps<\/h4>\n<p>Podium du tournoi \u00ab\u00a0Matin\u00a0\u00bb du 09\/06\/2023<br \/>\n1ere Sandrine \/ 2eme Gr\u00e9gory \/ 3eme Luc<br \/>\nR\u00e9sultats complets :<a href=\"https:\/\/fdvseyssins.fr\/wordpress\/wp-content\/uploads\/2024\/06\/TournoiBad_202406_09h.pdf\"> TournoiBad_202406_09h<\/a><\/p>\n<p>Podium du tournoi \u00ab\u00a0Apr\u00e8s-midi\u00a0\u00bb du 09\/06\/2023<br \/>\n1ere S\u00e9verine \/ 2eme Pauline \/ 3eme Th\u00e9a<br \/>\nR\u00e9sultats complets : <a href=\"https:\/\/fdvseyssins.fr\/wordpress\/wp-content\/uploads\/2024\/06\/TournoiBad_202406_14h.pdf\">TournoiBad_202406_14h<\/a><\/p>\n<p>Podium \u00ab\u00a0Journ\u00e9e\u00a0\u00bb du 09\/06\/2023<br \/>\n1ere S\u00e9verine \/ 2eme Pauline \/ 3eme Luc<br \/>\nR\u00e9sultats complets :<a href=\"https:\/\/fdvseyssins.fr\/wordpress\/wp-content\/uploads\/2024\/06\/TournoiBad_202406_Journee.pdf\">TournoiBad_202406_Journee<\/a><\/p>\n<h1>Saison 2022-2023<\/h1>\n<h4>Tournoi d&rsquo;automne<\/h4>\n<p>Podium du tournoi \u00ab\u00a0Matin\u00a0\u00bb du 11\/12\/2022<br \/>\n1er Paul \/ 2eme Pauline \/ 3eme Adrien<br \/>\nR\u00e9sultats complets : <a href=\"https:\/\/fdvseyssins.fr\/wordpress\/wp-content\/uploads\/2023\/06\/TournoiBad_202306_09h.pdf\">TournoiBad_202306_09h<\/a><\/p>\n<p>Podium du tournoi \u00ab\u00a0Apr\u00e8s-midi\u00a0\u00bb du 11\/12\/2022<br \/>\n1er Geoffrey \/ 2eme Pauline \/ 3eme Mathieu<br \/>\nR\u00e9sultats complets : <a href=\"https:\/\/fdvseyssins.fr\/wordpress\/wp-content\/uploads\/2023\/06\/TournoiBad_202306_14h.pdf\">TournoiBad_202306_14h<\/a><\/p>\n<h4>Tournoi d&rsquo;hiver<\/h4>\n<p>Podium du tournoi \u00ab\u00a0Matin\u00a0\u00bb du 19\/03\/2023<br \/>\n1er Greg \/ 2eme Brice \/ 3eme Kevin<br \/>\nR\u00e9sultats complets : <a href=\"https:\/\/fdvseyssins.fr\/wordpress\/wp-content\/uploads\/2023\/03\/TournoiBad_202303_09h.pdf\">TournoiBad_202303_09h<\/a><\/p>\n<p>Podium du tournoi \u00ab\u00a0Apr\u00e8s-midi\u00a0\u00bb du 19\/03\/2023<br \/>\n1er Nina \/ 2eme Adrien \/ 3eme Paul<br \/>\nR\u00e9sultats complets : <a href=\"https:\/\/fdvseyssins.fr\/wordpress\/wp-content\/uploads\/2023\/03\/TournoiBad_202303_14h.pdf\">TournoiBad_202303_14h<\/a><\/p>\n<h4>Tournoi de printemps<\/h4>\n<p>Podium du tournoi \u00ab\u00a0Matin\u00a0\u00bb du 11\/06\/2023<br \/>\n1er Fred (R) \/ 2eme Elodie \/ 3eme Hugo<br \/>\nR\u00e9sultats complets : <a href=\"https:\/\/fdvseyssins.fr\/wordpress\/wp-content\/uploads\/2023\/06\/TournoiBad_202306_09h.pdf\">TournoiBad_202306_09h<\/a><\/p>\n<p>Podium du tournoi \u00ab\u00a0Apr\u00e8s-midi\u00a0\u00bb du 11\/06\/2023<br \/>\n1er Adrien \/ 2eme Hugo \/ 3eme St\u00e9phane (D)<br \/>\nR\u00e9sultats complets : <a href=\"https:\/\/fdvseyssins.fr\/wordpress\/wp-content\/uploads\/2023\/06\/TournoiBad_202306_14h.pdf\">TournoiBad_202306_14h<\/a><\/p>\n<h1>Saison 2021-2022<\/h1>\n<p>Podium du Tournoi d&rsquo;automne (5 d\u00e9cembre 2021)<br \/>\n1er Manu\/ 2eme Nina \/ 3eme Adrien<br \/>\nR\u00e9sultats complets : <a href=\"https:\/\/fdvseyssins.fr\/wordpress\/wp-content\/uploads\/2021\/12\/TournoiBad_202112.pdf\">TournoiBad_202112<\/a><\/p>\n<p>Podium du tournoi d&rsquo;hiver (20 mars 2022)<br \/>\n1er Benoit \/ 2eme Adrien \/ 3eme Gino<br \/>\nR\u00e9sultats complets : <a href=\"https:\/\/fdvseyssins.fr\/wordpress\/wp-content\/uploads\/2022\/03\/TournoiBad_202203.pdf\">TournoiBad_202203<\/a><\/p>\n<h4><strong>Tournoi de printemps<\/strong><\/h4>\n<p>(1ere fois que nous faisions un tournoi le matin et un autre l\u2019apr\u00e8s midi)<\/p>\n<p>Podium du tournoi \u00ab\u00a0Matin\u00a0\u00bb du 12\/06\/2022<br \/>\n1er Chlo\u00e9 \/ 2eme Benoit \/ 3eme Juliette<br \/>\nR\u00e9sultats complets : <a href=\"https:\/\/fdvseyssins.fr\/wordpress\/wp-content\/uploads\/2022\/06\/TournoiBad_202206_09h.pdf\">TournoiBad_202206_09h<\/a><\/p>\n<p>Podium du tournoi \u00ab\u00a0Apr\u00e8s-midi\u00a0\u00bb du 12\/06\/2022<br \/>\n1er Fred \/ 2eme Kevin \/ 3eme Benoit<br \/>\nR\u00e9sultats complets : <a href=\"https:\/\/fdvseyssins.fr\/wordpress\/wp-content\/uploads\/2022\/06\/TournoiBad_202206_14h.pdf\">TournoiBad_202206_14h<\/a><\/p>\n<h1>Saison 2020-2021<\/h1>\n<p>Pour des raisons totalement ind\u00e9pendantes de notre volont\u00e9, nous n&rsquo;avons pu organiser aucun tournoi (souvenez vous les gymnases ont \u00e9t\u00e9 ferm\u00e9s la plupart du temps et le port du masque \u00e9tait obligatoire &#8230;)<\/p>\n<h1>Saison 2019-2020<\/h1>\n<p>Podium du Tournoi d&rsquo;automne (15 d\u00e9cembre 2019)<br \/>\n1er Fred \/ 2eme Luc \/ 3eme R\u00e9mi<br \/>\nR\u00e9sultats complets : <a href=\"https:\/\/fdvseyssins.fr\/wordpress\/wp-content\/uploads\/2019\/12\/TournoiBad_201912.pdf\">TournoiBad_201912<\/a><\/p>\n<p>Nous avons annul\u00e9 les tournois suivants pour cause de confinement.<\/p>\n<h1>Saison 2018-2019<\/h1>\n<p>Podium du Tournoi d&rsquo;automne (25 novembre 2018)<br \/>\n1er S\u00e9verine \/ 2eme Aur\u00e9lie \/ 3eme Adrien<br \/>\nR\u00e9sultats complets : <a href=\"https:\/\/fdvseyssins.fr\/wordpress\/wp-content\/uploads\/2018\/12\/TournoiBad_201811.pdf\" target=\"_blank\" rel=\"noopener noreferrer\">TournoiBad_201811<\/a><\/p>\n<p>Podium du tournoi d&rsquo;hiver (17 mars 2019)<br \/>\n1er S\u00e9verine\/ 2eme Adrien \/ 3eme Luc<br \/>\nR\u00e9sultats complets : <a href=\"https:\/\/fdvseyssins.fr\/wordpress\/wp-content\/uploads\/2019\/03\/TournoiBad_201903.pdf\" target=\"_blank\" rel=\"noopener noreferrer\">TournoiBad_201903<\/a><\/p>\n<p>Podium du tournoi de printemps (16 juin 2019)<br \/>\n1er S\u00e9verine\/ 2eme St\u00e9phane \/ 3eme Polo<br \/>\nR\u00e9sultats complets : <a href=\"https:\/\/fdvseyssins.fr\/wordpress\/wp-content\/uploads\/2019\/06\/TournoiBad_201906_R\u00e9sultats.pdf\">TournoiBad_201906_R\u00e9sultats<\/a><\/p>\n<p>&#8230;\/&#8230; Suite en construction &#8230;\/&#8230;<\/p>\n<h1>Saison 2014-2015<\/h1>\n<p>Vainqueurs de la saison 2014-2015<\/p>\n<p>1er tournoi : Polo (Lundi)<\/p>\n<p>2e tournoi : Paul (Samedi)<\/p>\n<p>3e tournoi : S\u00e9verine (Samedi)<\/p>\n<h1>Saison 2013-2014<\/h1>\n<p>Ils ont marqu\u00e9 la saison 2013-2014 en remportant chacun un des 3\u00a0tournois de badminton organis\u00e9s par les fous du volant\u00a0de Seyssins :<\/p>\n<p>1er tournoi : Sandrine (Mercredi) &#8211; en rose<\/p>\n<p>2e tournoi : Carole (Samedi) &#8211; en noir<\/p>\n<p>3e tournoi : Polo (Lundi) &#8211; en rouge<\/p>\n<figure id=\"attachment_99\" aria-describedby=\"caption-attachment-99\" style=\"width: 300px\" class=\"wp-caption aligncenter\"><a href=\"https:\/\/fdvseyssins.fr\/wordpress\/wp-content\/uploads\/2014\/10\/Vainqueurs_2013-2014.png\"><img loading=\"lazy\" decoding=\"async\" class=\"size-medium wp-image-99\" src=\"https:\/\/fdvseyssins.fr\/wordpress\/wp-content\/uploads\/2014\/10\/Vainqueurs_2013-2014-300x148.png\" alt=\"Vainqueurs des tournois amicaux de badminton orgranis\u00e9s par les fous du volants pour la saison 2013-2014\" width=\"300\" height=\"148\" srcset=\"https:\/\/fdvseyssins.fr\/wordpress\/wp-content\/uploads\/2014\/10\/Vainqueurs_2013-2014-300x148.png 300w, https:\/\/fdvseyssins.fr\/wordpress\/wp-content\/uploads\/2014\/10\/Vainqueurs_2013-2014.png 745w\" sizes=\"auto, (max-width: 300px) 100vw, 300px\" \/><\/a><figcaption id=\"caption-attachment-99\" class=\"wp-caption-text\">Vainqueurs des tournois amicaux de badminton organis\u00e9s par les fous du volants pour la saison 2013-2014<\/figcaption><\/figure>\n","protected":false},"excerpt":{"rendered":"<p>Saison 2024-2025 Tournoi d&rsquo;automne Podium du tournoi \u00ab\u00a0Matin\u00a0\u00bb du 1\/12\/2024 1er Antoine (du mardi) \/ 2eme Gr\u00e9gory \/ 3eme Emmanuel R\u00e9sultats complets : TournoiBad_202412_09h Podium du tournoi \u00ab\u00a0Apr\u00e8s-midi\u00a0\u00bb du 1\/12\/2024 1er Luc \/ 2eme Damien\/ 3eme Marie-Liesse R\u00e9sultats complets : TournoiBad_202412_14h Saison 2023-2024 Tournoi d&rsquo;automne Podium du tournoi \u00ab\u00a0Matin\u00a0\u00bb du 10\/12\/2022 1er Antoine \/ 2eme &hellip; <a href=\"https:\/\/fdvseyssins.fr\/wordpress\/tournois\/hall-of-fame\/\" class=\"more-link\">Continuer la lecture de <span class=\"screen-reader-text\">Hall of fame<\/span>  <span class=\"meta-nav\">&rarr;<\/span><\/a><\/p>\n","protected":false},"author":1,"featured_media":0,"parent":92,"menu_order":0,"comment_status":"open","ping_status":"open","template":"","meta":{"_mc_calendar":[],"footnotes":""},"class_list":["post-98","page","type-page","status-publish","hentry"],"_links":{"self":[{"href":"https:\/\/fdvseyssins.fr\/wordpress\/wp-json\/wp\/v2\/pages\/98","targetHints":{"allow":["GET"]}}],"collection":[{"href":"https:\/\/fdvseyssins.fr\/wordpress\/wp-json\/wp\/v2\/pages"}],"about":[{"href":"https:\/\/fdvseyssins.fr\/wordpress\/wp-json\/wp\/v2\/types\/page"}],"author":[{"embeddable":true,"href":"https:\/\/fdvseyssins.fr\/wordpress\/wp-json\/wp\/v2\/users\/1"}],"replies":[{"embeddable":true,"href":"https:\/\/fdvseyssins.fr\/wordpress\/wp-json\/wp\/v2\/comments?post=98"}],"version-history":[{"count":11,"href":"https:\/\/fdvseyssins.fr\/wordpress\/wp-json\/wp\/v2\/pages\/98\/revisions"}],"predecessor-version":[{"id":1381,"href":"https:\/\/fdvseyssins.fr\/wordpress\/wp-json\/wp\/v2\/pages\/98\/revisions\/1381"}],"up":[{"embeddable":true,"href":"https:\/\/fdvseyssins.fr\/wordpress\/wp-json\/wp\/v2\/pages\/92"}],"wp:attachment":[{"href":"https:\/\/fdvseyssins.fr\/wordpress\/wp-json\/wp\/v2\/media?parent=98"}],"curies":[{"name":"wp","href":"https:\/\/api.w.org\/{rel}","templated":true}]}}