{"id":95,"date":"2014-10-04T15:07:01","date_gmt":"2014-10-04T13:07:01","guid":{"rendered":"http:\/\/fdvseyssins.fr\/wordpress\/?page_id=95"},"modified":"2026-02-23T16:56:16","modified_gmt":"2026-02-23T15:56:16","slug":"dates","status":"publish","type":"page","link":"https:\/\/fdvseyssins.fr\/wordpress\/tournois\/dates\/","title":{"rendered":"Dates"},"content":{"rendered":"<p>Cette ann\u00e9e, nous allons essayer d&rsquo;organiser 3 tournois diurnes et 1 tournoi nocturne sous lumi\u00e8re noire. Aux fous du volant, on appelle \u00e7a \u00ab\u00a0<a href=\"https:\/\/fdvseyssins.fr\/wordpress\/les-defis-du-jeudi-2-dark-bador\/\">Dark Bador<\/a>\u00a0\u00bb<\/p>\n<h1>Dates des tournois de la saison 2025-2026 :<\/h1>\n<p>Tournoi d&rsquo;automne (diurne) : Dimanche 30 novembre 2025 Gymnase Aristide Berges \u00e0 Seyssinet-Pariset (halle Vercors \u00e0 confirmer)<\/p>\n<p>Dark Bador : Samedi 31 janvier 2026 \u00a0Gymnase Aristide Berges \u00e0 Seyssinet-Pariset (halle Belledonne)<\/p>\n<p>Tournoi d&rsquo;hiver (diurne) : dimanche 22 mars 2026 Gymnase Aristide Berg\u00e8s \u00e0 Seyssinet-Pariset (halle Vercors)<\/p>\n<p>Tournoi de printemps (diurne) : dimanche 14 juin 2026 Gymnase Aristide Berg\u00e8s \u00e0 Seyssinet-Pariset (halle Vercors)<\/p>\n<h1>Lieux habituels:<\/h1>\n<p><a title=\"Lien vers Google Maps\" href=\"https:\/\/www.google.fr\/maps\/place\/SIRD+(Gymnase+aristide+berges)\/@45.1841911,5.6913393,3a,90y,10h,90t\/data=!3m4!1e1!3m2!1sDpNMR2B88RpArj5TY_dbRw!2e0!4m2!3m1!1s0x478af36ddcfdf457:0x9d91ae977e72b1c2!6m1!1e1\" target=\"_blank\" rel=\"noopener\">Gymnase Aristide Berg\u00e8s <\/a>\u00e0 Seyssinet-Pariset<\/p>\n<p><a title=\"Lien vers Google Maps\" href=\"https:\/\/www.google.fr\/maps\/place\/45%C2%B009'58.6%22N+5%C2%B041'37.2%22E\/@45.1662858,5.6914823,17z\/data=!3m1!4b1!4m13!1m6!3m5!1s0x478af34f9013dc0d:0x91aba7ff4f4d37f3!2sGymnase+Jean+Beauvallet!8m2!3d45.1664413!4d5.6938853!3m5!1s0x0:0x0!7e2!8m2!3d45.1662824!4d5.6936707\" target=\"_blank\" rel=\"noopener\">Gymnase Jean Beauvallet<\/a> \u00e0 Seyssins<\/p>\n","protected":false},"excerpt":{"rendered":"<p>Cette ann\u00e9e, nous allons essayer d&rsquo;organiser 3 tournois diurnes et 1 tournoi nocturne sous lumi\u00e8re noire. Aux fous du volant, on appelle \u00e7a \u00ab\u00a0Dark Bador\u00a0\u00bb Dates des tournois de la saison 2025-2026 : Tournoi d&rsquo;automne (diurne) : Dimanche 30 novembre 2025 Gymnase Aristide Berges \u00e0 Seyssinet-Pariset (halle Vercors \u00e0 confirmer) Dark Bador : Samedi 31 &hellip; <a href=\"https:\/\/fdvseyssins.fr\/wordpress\/tournois\/dates\/\" class=\"more-link\">Continuer la lecture de <span class=\"screen-reader-text\">Dates<\/span>  <span class=\"meta-nav\">&rarr;<\/span><\/a><\/p>\n","protected":false},"author":1,"featured_media":0,"parent":92,"menu_order":0,"comment_status":"open","ping_status":"open","template":"","meta":{"_mc_calendar":[],"footnotes":""},"class_list":["post-95","page","type-page","status-publish","hentry"],"_links":{"self":[{"href":"https:\/\/fdvseyssins.fr\/wordpress\/wp-json\/wp\/v2\/pages\/95","targetHints":{"allow":["GET"]}}],"collection":[{"href":"https:\/\/fdvseyssins.fr\/wordpress\/wp-json\/wp\/v2\/pages"}],"about":[{"href":"https:\/\/fdvseyssins.fr\/wordpress\/wp-json\/wp\/v2\/types\/page"}],"author":[{"embeddable":true,"href":"https:\/\/fdvseyssins.fr\/wordpress\/wp-json\/wp\/v2\/users\/1"}],"replies":[{"embeddable":true,"href":"https:\/\/fdvseyssins.fr\/wordpress\/wp-json\/wp\/v2\/comments?post=95"}],"version-history":[{"count":13,"href":"https:\/\/fdvseyssins.fr\/wordpress\/wp-json\/wp\/v2\/pages\/95\/revisions"}],"predecessor-version":[{"id":1678,"href":"https:\/\/fdvseyssins.fr\/wordpress\/wp-json\/wp\/v2\/pages\/95\/revisions\/1678"}],"up":[{"embeddable":true,"href":"https:\/\/fdvseyssins.fr\/wordpress\/wp-json\/wp\/v2\/pages\/92"}],"wp:attachment":[{"href":"https:\/\/fdvseyssins.fr\/wordpress\/wp-json\/wp\/v2\/media?parent=95"}],"curies":[{"name":"wp","href":"https:\/\/api.w.org\/{rel}","templated":true}]}}