{"id":92,"date":"2014-10-04T14:53:44","date_gmt":"2014-10-04T12:53:44","guid":{"rendered":"http:\/\/fdvseyssins.fr\/wordpress\/?page_id=92"},"modified":"2014-12-15T19:19:13","modified_gmt":"2014-12-15T18:19:13","slug":"tournois","status":"publish","type":"page","link":"https:\/\/fdvseyssins.fr\/wordpress\/tournois\/","title":{"rendered":"Tournois"},"content":{"rendered":"<p>Chaque ann\u00e9e les fous du volant organisent 3 tournois amicaux de badminton.<\/p>\n<p>Dans cette rubrique vous saurez tout sur ces grands moments de joie et de convivialit\u00e9 !<\/p>\n<ul>\n<li><a title=\"Dates\" href=\"https:\/\/fdvseyssins.fr\/wordpress\/?page_id=95\">Les dates<\/a><\/li>\n<li><a title=\"Principes\" href=\"https:\/\/fdvseyssins.fr\/wordpress\/?page_id=127\">Comment \u00e7a marche ?<\/a><\/li>\n<li><a title=\"Hall of fame\" href=\"https:\/\/fdvseyssins.fr\/wordpress\/?page_id=98\">Les joueurs qui ont marqu\u00e9 l&rsquo;histoire !<\/a><\/li>\n<li>Les <a title=\"R\u00e9sultats\" href=\"https:\/\/fdvseyssins.fr\/wordpress\/tournois\/resultats\/\">r\u00e9sultats<\/a><\/li>\n<\/ul>\n<figure id=\"attachment_131\" aria-describedby=\"caption-attachment-131\" style=\"width: 300px\" class=\"wp-caption aligncenter\"><a href=\"https:\/\/fdvseyssins.fr\/wordpress\/wp-content\/uploads\/2014\/10\/INFO-SEYSSINS-MAI_p14_Page_1_Image_0001.jpg\"><img loading=\"lazy\" decoding=\"async\" class=\"size-medium wp-image-131\" src=\"https:\/\/fdvseyssins.fr\/wordpress\/wp-content\/uploads\/2014\/10\/INFO-SEYSSINS-MAI_p14_Page_1_Image_0001-300x147.jpg\" alt=\"Tournoi amical de badminton LFDV mars  2014\" width=\"300\" height=\"147\" srcset=\"https:\/\/fdvseyssins.fr\/wordpress\/wp-content\/uploads\/2014\/10\/INFO-SEYSSINS-MAI_p14_Page_1_Image_0001-300x147.jpg 300w, https:\/\/fdvseyssins.fr\/wordpress\/wp-content\/uploads\/2014\/10\/INFO-SEYSSINS-MAI_p14_Page_1_Image_0001.jpg 502w\" sizes=\"auto, (max-width: 300px) 100vw, 300px\" \/><\/a><figcaption id=\"caption-attachment-131\" class=\"wp-caption-text\">Tournoi amical de badminton LFDV mars 2014<\/figcaption><\/figure>\n","protected":false},"excerpt":{"rendered":"<p>Chaque ann\u00e9e les fous du volant organisent 3 tournois amicaux de badminton. Dans cette rubrique vous saurez tout sur ces grands moments de joie et de convivialit\u00e9 ! Les dates Comment \u00e7a marche ? Les joueurs qui ont marqu\u00e9 l&rsquo;histoire ! Les r\u00e9sultats<\/p>\n","protected":false},"author":1,"featured_media":304,"parent":0,"menu_order":2,"comment_status":"open","ping_status":"open","template":"","meta":{"_mc_calendar":[],"footnotes":""},"class_list":["post-92","page","type-page","status-publish","has-post-thumbnail","hentry"],"_links":{"self":[{"href":"https:\/\/fdvseyssins.fr\/wordpress\/wp-json\/wp\/v2\/pages\/92","targetHints":{"allow":["GET"]}}],"collection":[{"href":"https:\/\/fdvseyssins.fr\/wordpress\/wp-json\/wp\/v2\/pages"}],"about":[{"href":"https:\/\/fdvseyssins.fr\/wordpress\/wp-json\/wp\/v2\/types\/page"}],"author":[{"embeddable":true,"href":"https:\/\/fdvseyssins.fr\/wordpress\/wp-json\/wp\/v2\/users\/1"}],"replies":[{"embeddable":true,"href":"https:\/\/fdvseyssins.fr\/wordpress\/wp-json\/wp\/v2\/comments?post=92"}],"version-history":[{"count":3,"href":"https:\/\/fdvseyssins.fr\/wordpress\/wp-json\/wp\/v2\/pages\/92\/revisions"}],"predecessor-version":[{"id":312,"href":"https:\/\/fdvseyssins.fr\/wordpress\/wp-json\/wp\/v2\/pages\/92\/revisions\/312"}],"wp:featuredmedia":[{"embeddable":true,"href":"https:\/\/fdvseyssins.fr\/wordpress\/wp-json\/wp\/v2\/media\/304"}],"wp:attachment":[{"href":"https:\/\/fdvseyssins.fr\/wordpress\/wp-json\/wp\/v2\/media?parent=92"}],"curies":[{"name":"wp","href":"https:\/\/api.w.org\/{rel}","templated":true}]}}