{"id":83,"date":"2014-09-26T10:05:47","date_gmt":"2014-09-26T08:05:47","guid":{"rendered":"http:\/\/fdvseyssins.fr\/wordpress\/?page_id=83"},"modified":"2025-09-14T10:43:19","modified_gmt":"2025-09-14T08:43:19","slug":"adherer","status":"publish","type":"page","link":"https:\/\/fdvseyssins.fr\/wordpress\/accueil\/adherer\/","title":{"rendered":"Adh\u00e9rer"},"content":{"rendered":"<h1>Dur\u00e9e de l&rsquo;adh\u00e9sion<\/h1>\n<p>L&rsquo;adh\u00e9sion \u00e0 notre association est annuelle.<br \/>\nNos saisons de badminton suivent les calendriers scolaires.<\/p>\n<p>Une saison de badminton\u00a0commence donc aux environs de la rentr\u00e9e de septembre et se termine aux environs du d\u00e9but des vacances d&rsquo;\u00e9t\u00e9.<\/p>\n<p>Pour des raisons de disponibilit\u00e9s des gymnases, il est fr\u00e9quent que notre activit\u00e9 s&rsquo;interrompent pendant les vacances scolaires.<\/p>\n<h1>Conditions d&rsquo;adh\u00e9sion<\/h1>\n<p>Pour adh\u00e9rer \u00e0 notre association vous devez :<\/p>\n<ul>\n<li>payer une cotisation annuelle<\/li>\n<li>choisir un cr\u00e9neau de jeu<\/li>\n<\/ul>\n<p>L&rsquo;adh\u00e9sion est individuelle. Le montant de la cotisation \u00a0est d\u00e9finie chaque ann\u00e9e par l&rsquo;assembl\u00e9e g\u00e9n\u00e9rale.<br \/>\nPour la saison 2025-2026 : 60 \u20ac par personne<\/p>\n<p>Les mineurs peuvent adh\u00e9rer \u00e0 l&rsquo;association \u00e0 condition d&rsquo;\u00eatre accompagn\u00e9s par un adulte responsable \u00e0 chaque s\u00e9ance.<\/p>\n<h1>P\u00e9riode d&rsquo;inscription<\/h1>\n<h2>Cas des nouveaux adh\u00e9rents<\/h2>\n<p>Les nouveaux adh\u00e9rents doivent se rendre au forum des associations de Seyssins qui a lieu, en g\u00e9n\u00e9ral, le samedi de la rentr\u00e9e scolaire de septembre.<\/p>\n<p>Le stand de notre association\u00a0de badminton\u00a0 \u00ab\u00a0Les fous du volant\u00a0\u00bb les y attend.<\/p>\n<p>En cours de saison, il arrive que des places se lib\u00e8rent. Nous proposons aux personnes int\u00e9ress\u00e9es de venir \u00e0 notre rencontre lors des sessions de badminton (voir la rubrique <a title=\"Saison 2014-2015\" href=\"https:\/\/fdvseyssins.fr\/wordpress\/creneaux\/\">cr\u00e9neaux<\/a>)<\/p>\n<h2>Cas des membres de l&rsquo;association<\/h2>\n<p>Les membres de l&rsquo;association sont prioritaires pour s&rsquo;inscrire l&rsquo;ann\u00e9e suivante.<\/p>\n<p>Ils peuvent\u00a0 :<\/p>\n<ul>\n<li>se pr\u00e9-inscrire en juin pour la saison suivante, aupr\u00e8s des membres du bureau de leur cr\u00e9neau.<\/li>\n<li>r\u00e9gulariser leur inscription \u00e0 la premi\u00e8re s\u00e9ance de la saison.<\/li>\n<\/ul>\n<p>L&rsquo;assiduit\u00e9\u00a0est une des valeurs de l&rsquo;association.<\/p>\n<p>Seuls les membres pr\u00e9sents dans les cr\u00e9neaux pourront se pr\u00e9-inscrire. Aucune relance par mail, t\u00e9l\u00e9phone ne sera effectu\u00e9e par les membres du bureau pour\u00a0les pr\u00e9-inscrire.<\/p>\n<h2><\/h2>\n","protected":false},"excerpt":{"rendered":"<p>Dur\u00e9e de l&rsquo;adh\u00e9sion L&rsquo;adh\u00e9sion \u00e0 notre association est annuelle. Nos saisons de badminton suivent les calendriers scolaires. Une saison de badminton\u00a0commence donc aux environs de la rentr\u00e9e de septembre et se termine aux environs du d\u00e9but des vacances d&rsquo;\u00e9t\u00e9. Pour des raisons de disponibilit\u00e9s des gymnases, il est fr\u00e9quent que notre activit\u00e9 s&rsquo;interrompent pendant les &hellip; <a href=\"https:\/\/fdvseyssins.fr\/wordpress\/accueil\/adherer\/\" class=\"more-link\">Continuer la lecture de <span class=\"screen-reader-text\">Adh\u00e9rer<\/span>  <span class=\"meta-nav\">&rarr;<\/span><\/a><\/p>\n","protected":false},"author":1,"featured_media":0,"parent":2,"menu_order":0,"comment_status":"open","ping_status":"open","template":"","meta":{"_mc_calendar":[],"footnotes":""},"class_list":["post-83","page","type-page","status-publish","hentry"],"_links":{"self":[{"href":"https:\/\/fdvseyssins.fr\/wordpress\/wp-json\/wp\/v2\/pages\/83","targetHints":{"allow":["GET"]}}],"collection":[{"href":"https:\/\/fdvseyssins.fr\/wordpress\/wp-json\/wp\/v2\/pages"}],"about":[{"href":"https:\/\/fdvseyssins.fr\/wordpress\/wp-json\/wp\/v2\/types\/page"}],"author":[{"embeddable":true,"href":"https:\/\/fdvseyssins.fr\/wordpress\/wp-json\/wp\/v2\/users\/1"}],"replies":[{"embeddable":true,"href":"https:\/\/fdvseyssins.fr\/wordpress\/wp-json\/wp\/v2\/comments?post=83"}],"version-history":[{"count":12,"href":"https:\/\/fdvseyssins.fr\/wordpress\/wp-json\/wp\/v2\/pages\/83\/revisions"}],"predecessor-version":[{"id":1566,"href":"https:\/\/fdvseyssins.fr\/wordpress\/wp-json\/wp\/v2\/pages\/83\/revisions\/1566"}],"up":[{"embeddable":true,"href":"https:\/\/fdvseyssins.fr\/wordpress\/wp-json\/wp\/v2\/pages\/2"}],"wp:attachment":[{"href":"https:\/\/fdvseyssins.fr\/wordpress\/wp-json\/wp\/v2\/media?parent=83"}],"curies":[{"name":"wp","href":"https:\/\/api.w.org\/{rel}","templated":true}]}}