{"id":637,"date":"2016-02-03T12:18:39","date_gmt":"2016-02-03T11:18:39","guid":{"rendered":"http:\/\/fdvseyssins.fr\/wordpress\/?page_id=637"},"modified":"2025-12-22T08:34:12","modified_gmt":"2025-12-22T07:34:12","slug":"statuts","status":"publish","type":"page","link":"https:\/\/fdvseyssins.fr\/wordpress\/accueil\/statuts\/","title":{"rendered":"Statuts et r\u00e8glement int\u00e9rieur"},"content":{"rendered":"\n<h2 class=\"wp-block-heading\">Statuts<\/h2>\n\n\n<p>Vous pouvez t\u00e9l\u00e9charger les statuts <a href=\"https:\/\/fdvseyssins.fr\/wordpress\/wp-content\/uploads\/2025\/12\/Statuts_FdV_W381004679_2025.pdf\" target=\"_blank\" rel=\"noopener\">ici<\/a><\/p>\n\n\n<div data-wp-interactive=\"core\/file\" class=\"wp-block-file\"><object data-wp-bind--hidden=\"!state.hasPdfPreview\" hidden class=\"wp-block-file__embed\" data=\"https:\/\/fdvseyssins.fr\/wordpress\/wp-content\/uploads\/2025\/12\/Statuts_FdV_W381004679_2025.pdf\" type=\"application\/pdf\" style=\"width:100%;height:600px\" aria-label=\"Contenu embarqu\u00e9 Statuts_FdV_W381004679_2025.\"><\/object><a id=\"wp-block-file--media-ca58b068-b6e1-413b-b0f6-58aefd263615\" href=\"https:\/\/fdvseyssins.fr\/wordpress\/wp-content\/uploads\/2025\/12\/Statuts_FdV_W381004679_2025.pdf\">Statuts_FdV_W381004679_2025<\/a><a href=\"https:\/\/fdvseyssins.fr\/wordpress\/wp-content\/uploads\/2025\/12\/Statuts_FdV_W381004679_2025.pdf\" class=\"wp-block-file__button wp-element-button\" download aria-describedby=\"wp-block-file--media-ca58b068-b6e1-413b-b0f6-58aefd263615\">T\u00e9l\u00e9charger<\/a><\/div>\n\n\n\n<hr class=\"wp-block-separator has-alpha-channel-opacity\"\/>\n\n\n\n<h2 class=\"wp-block-heading\">R\u00e8glement int\u00e9rieur<\/h2>\n\n\n\n<p>Le r\u00e8glement int\u00e9rieur applicable a \u00e9t\u00e9 approuv\u00e9 par l&rsquo;assembl\u00e9e g\u00e9n\u00e9rale du 30 novembre 2025.<\/p>\n\n\n\n<div data-wp-interactive=\"core\/file\" class=\"wp-block-file\"><object data-wp-bind--hidden=\"!state.hasPdfPreview\" hidden class=\"wp-block-file__embed\" data=\"https:\/\/fdvseyssins.fr\/wordpress\/wp-content\/uploads\/2025\/12\/Reglement-interieur-_-2025-11-30.pdf\" type=\"application\/pdf\" style=\"width:100%;height:600px\" aria-label=\"Contenu embarqu\u00e9 R\u00e8glement int\u00e9rieur _ 2025-11-30.\"><\/object><a id=\"wp-block-file--media-7999b471-8796-4771-bea9-995544d64d1c\" href=\"https:\/\/fdvseyssins.fr\/wordpress\/wp-content\/uploads\/2025\/12\/Reglement-interieur-_-2025-11-30.pdf\">R\u00e8glement int\u00e9rieur _ 2025-11-30<\/a><a href=\"https:\/\/fdvseyssins.fr\/wordpress\/wp-content\/uploads\/2025\/12\/Reglement-interieur-_-2025-11-30.pdf\" class=\"wp-block-file__button wp-element-button\" download aria-describedby=\"wp-block-file--media-7999b471-8796-4771-bea9-995544d64d1c\">T\u00e9l\u00e9charger<\/a><\/div>\n","protected":false},"excerpt":{"rendered":"<p>Statuts Vous pouvez t\u00e9l\u00e9charger les statuts ici R\u00e8glement int\u00e9rieur Le r\u00e8glement int\u00e9rieur applicable a \u00e9t\u00e9 approuv\u00e9 par l&rsquo;assembl\u00e9e g\u00e9n\u00e9rale du 30 novembre 2025.<\/p>\n","protected":false},"author":1,"featured_media":0,"parent":2,"menu_order":0,"comment_status":"closed","ping_status":"closed","template":"","meta":{"_mc_calendar":[],"footnotes":""},"class_list":["post-637","page","type-page","status-publish","hentry"],"_links":{"self":[{"href":"https:\/\/fdvseyssins.fr\/wordpress\/wp-json\/wp\/v2\/pages\/637","targetHints":{"allow":["GET"]}}],"collection":[{"href":"https:\/\/fdvseyssins.fr\/wordpress\/wp-json\/wp\/v2\/pages"}],"about":[{"href":"https:\/\/fdvseyssins.fr\/wordpress\/wp-json\/wp\/v2\/types\/page"}],"author":[{"embeddable":true,"href":"https:\/\/fdvseyssins.fr\/wordpress\/wp-json\/wp\/v2\/users\/1"}],"replies":[{"embeddable":true,"href":"https:\/\/fdvseyssins.fr\/wordpress\/wp-json\/wp\/v2\/comments?post=637"}],"version-history":[{"count":6,"href":"https:\/\/fdvseyssins.fr\/wordpress\/wp-json\/wp\/v2\/pages\/637\/revisions"}],"predecessor-version":[{"id":1621,"href":"https:\/\/fdvseyssins.fr\/wordpress\/wp-json\/wp\/v2\/pages\/637\/revisions\/1621"}],"up":[{"embeddable":true,"href":"https:\/\/fdvseyssins.fr\/wordpress\/wp-json\/wp\/v2\/pages\/2"}],"wp:attachment":[{"href":"https:\/\/fdvseyssins.fr\/wordpress\/wp-json\/wp\/v2\/media?parent=637"}],"curies":[{"name":"wp","href":"https:\/\/api.w.org\/{rel}","templated":true}]}}