{"id":460,"date":"2015-07-13T12:45:02","date_gmt":"2015-07-13T10:45:02","guid":{"rendered":"http:\/\/fdvseyssins.fr\/wordpress\/?page_id=460"},"modified":"2025-08-23T16:38:15","modified_gmt":"2025-08-23T14:38:15","slug":"creneaux","status":"publish","type":"page","link":"https:\/\/fdvseyssins.fr\/wordpress\/creneaux\/","title":{"rendered":"Cr\u00e9neaux"},"content":{"rendered":"<div id=\"metaslider-id-205\" style=\"max-width: 700px;\" class=\"ml-slider-3-107-0 metaslider metaslider-nivo metaslider-205 ml-slider has-dots-nav ms-theme-default\" role=\"region\" aria-label=\"Cr\u00e9neaux\" data-height=\"466\" data-width=\"700\">\n    <div id=\"metaslider_container_205\">\n        <div class='slider-wrapper theme-default'><div class='ribbon'><\/div><div id='metaslider_205' class='nivoSlider'><img loading=\"lazy\" decoding=\"async\" src=\"https:\/\/fdvseyssins.fr\/wordpress\/wp-content\/uploads\/2015\/02\/DSC_0076_6-700x466.jpg\" height=\"466\" width=\"700\" data-caption=\"Les fous du volant (Seyssins) au gymnase Jean Beauvallet Seyssins\" title=\"Les fous du volant (Seyssins) Gymnase Jean Beauvallet Seyssins\" alt=\"Les fous du volant (Seyssins) Gymnase Jean Beauvallet Seyssins\" class=\"slider-205 slide-356 msDefaultImage\" \/><img loading=\"lazy\" decoding=\"async\" src=\"https:\/\/fdvseyssins.fr\/wordpress\/wp-content\/uploads\/2014\/12\/20141214_152614-700x466.jpg\" height=\"466\" width=\"700\" data-caption=\"Les fous du volant (Seyssins) au gymnase Aristide Berg&egrave;s Seyssinet-Pariset\" title=\"Les fous du volant (Seyssins) au gymnase Aristide Berg\u00e8s Seyssinet-Pariset\" alt=\"Les fous du volant (Seyssins) au gymnase Aristide Berg\u00e8s Seyssinet-Pariset\" class=\"slider-205 slide-304 msDefaultImage\" \/><\/div><\/div>\n        \n    <\/div>\n<\/div>\n<p>Pour cette saison nous jouerons :<\/p>\n<ul>\n<li>Au gymnase <a href=\"https:\/\/www.google.fr\/maps\/place\/Gymnase+Jean+Beauvallet\/@45.1664413,5.6938853,15z\/data=!4m6!1m3!3m2!1s0x0:0x91aba7ff4f4d37f3!2sGymnase+Jean+Beauvallet!3m1!1s0x0:0x91aba7ff4f4d37f3\" target=\"_blank\" rel=\"noopener noreferrer\">Jean Beauvallet \u00e0 Seyssins <\/a>:\n<ul>\n<li>Lundi de 20.00 \u00e0 22.00<\/li>\n<li>Mardi de 20.00 \u00e0 22.00<\/li>\n<li>Mercredi de 20.30 \u00e0 22.00<\/li>\n<li>Jeudi de 20.00 \u00e0 22.00<\/li>\n<\/ul>\n<\/li>\n<li>Au gymnase <a href=\"https:\/\/www.google.fr\/maps\/place\/Gymnase+Aristide+Berges\/@45.1849029,5.6907732,15z\/data=!4m2!3m1!1s0x0:0x6cf3965a3ccc8c2d\" target=\"_blank\" rel=\"noopener noreferrer\">Aristide Berg\u00e8s \u00e0 Seyssinet Pariset <\/a>:\n<ul>\n<li>Samedi de 10.00 \u00e0 12.00 (halle Vercors)<\/li>\n<\/ul>\n<\/li>\n<\/ul>\n\n\n<p><\/p>\n","protected":false},"excerpt":{"rendered":"<p>Pour cette saison nous jouerons : Au gymnase Jean Beauvallet \u00e0 Seyssins : Lundi de 20.00 \u00e0 22.00 Mardi de 20.00 \u00e0 22.00 Mercredi de 20.30 \u00e0 22.00 Jeudi de 20.00 \u00e0 22.00 Au gymnase Aristide Berg\u00e8s \u00e0 Seyssinet Pariset : Samedi de 10.00 \u00e0 12.00 (halle Vercors)<\/p>\n","protected":false},"author":1,"featured_media":0,"parent":0,"menu_order":2,"comment_status":"open","ping_status":"open","template":"","meta":{"_mc_calendar":[],"footnotes":""},"class_list":["post-460","page","type-page","status-publish","hentry"],"_links":{"self":[{"href":"https:\/\/fdvseyssins.fr\/wordpress\/wp-json\/wp\/v2\/pages\/460","targetHints":{"allow":["GET"]}}],"collection":[{"href":"https:\/\/fdvseyssins.fr\/wordpress\/wp-json\/wp\/v2\/pages"}],"about":[{"href":"https:\/\/fdvseyssins.fr\/wordpress\/wp-json\/wp\/v2\/types\/page"}],"author":[{"embeddable":true,"href":"https:\/\/fdvseyssins.fr\/wordpress\/wp-json\/wp\/v2\/users\/1"}],"replies":[{"embeddable":true,"href":"https:\/\/fdvseyssins.fr\/wordpress\/wp-json\/wp\/v2\/comments?post=460"}],"version-history":[{"count":7,"href":"https:\/\/fdvseyssins.fr\/wordpress\/wp-json\/wp\/v2\/pages\/460\/revisions"}],"predecessor-version":[{"id":1548,"href":"https:\/\/fdvseyssins.fr\/wordpress\/wp-json\/wp\/v2\/pages\/460\/revisions\/1548"}],"wp:attachment":[{"href":"https:\/\/fdvseyssins.fr\/wordpress\/wp-json\/wp\/v2\/media?parent=460"}],"curies":[{"name":"wp","href":"https:\/\/api.w.org\/{rel}","templated":true}]}}