{"id":225,"date":"2014-11-01T18:20:15","date_gmt":"2014-11-01T17:20:15","guid":{"rendered":"http:\/\/fdvseyssins.fr\/wordpress\/?page_id=225"},"modified":"2024-10-03T19:05:27","modified_gmt":"2024-10-03T17:05:27","slug":"agenda-2","status":"publish","type":"page","link":"https:\/\/fdvseyssins.fr\/wordpress\/agenda-2\/","title":{"rendered":"Agenda"},"content":{"rendered":"<p><span style=\"font-family: Consolas;\">\r\n<div id='mc-948a6a8e8cd15db324902317a630b853' class='mc-main mcjs listjs gridjs minijs ajaxjs calendar month mc-948a6a8e8cd15db324902317a630b853 has-modal is-main-view' ><h2 id=\"mc_head_mc-948a6a8e8cd15db324902317a630b853\" class=\"heading my-calendar-month\"><span>\u00c9v\u00e8nements en avril 2026<\/span><\/h2>\n<div class=\"mc-content\">\n<table class='my-calendar-table' aria-labelledby='mc_head_mc-948a6a8e8cd15db324902317a630b853'>\n<thead>\n\t<tr class='mc-row'>\n\t\t<th scope=\"col\" class='day-heading mon'><abbr title=\"lundi\" aria-hidden=\"true\">lun<\/abbr><span class=\"screen-reader-text\">lundi<\/span><\/th>\n\n\t\t<th scope=\"col\" class='day-heading tues'><abbr title=\"mardi\" aria-hidden=\"true\">mar<\/abbr><span class=\"screen-reader-text\">mardi<\/span><\/th>\n\n\t\t<th scope=\"col\" class='day-heading wed'><abbr title=\"mercredi\" aria-hidden=\"true\">mer<\/abbr><span class=\"screen-reader-text\">mercredi<\/span><\/th>\n\n\t\t<th scope=\"col\" class='day-heading thur'><abbr title=\"jeudi\" aria-hidden=\"true\">jeu<\/abbr><span class=\"screen-reader-text\">jeudi<\/span><\/th>\n\n\t\t<th scope=\"col\" class='day-heading fri'><abbr title=\"vendredi\" aria-hidden=\"true\">ven<\/abbr><span class=\"screen-reader-text\">vendredi<\/span><\/th>\n\n\t\t<th scope=\"col\" class='weekend-heading sat'><abbr title=\"samedi\" aria-hidden=\"true\">sam<\/abbr><span class=\"screen-reader-text\">samedi<\/span><\/th>\n\n\t\t<th scope=\"col\" class='weekend-heading sun'><abbr title=\"dimanche\" aria-hidden=\"true\">dim<\/abbr><span class=\"screen-reader-text\">dimanche<\/span><\/th>\n\t<\/tr>\n<\/thead>\n<tbody>\n<tr class='mc-row'><td class='no-events lundi lun past-day past-date  nextmonth no-events day-with-date'><div class='mc-date-container'><span class='mc-date no-events'><span aria-hidden='true'>30<\/span><span class='screen-reader-text'>30 mars 2026<\/span><\/span><\/div>\n<\/td>\n<td class='no-events mardi mar past-day past-date  nextmonth no-events day-with-date'><div class='mc-date-container'><span class='mc-date no-events'><span aria-hidden='true'>31<\/span><span class='screen-reader-text'>31 mars 2026<\/span><\/span><\/div>\n<\/td>\n<td class='no-events mercredi mer past-day past-date   no-events day-with-date'><div class='mc-date-container'><span class='mc-date no-events'><span aria-hidden='true'>1<\/span><span class='screen-reader-text'>1 avril 2026<\/span><\/span><\/div>\n<\/td>\n<td class='no-events jeudi jeu past-day past-date   no-events day-with-date'><div class='mc-date-container'><span class='mc-date no-events'><span aria-hidden='true'>2<\/span><span class='screen-reader-text'>2 avril 2026<\/span><\/span><\/div>\n<\/td>\n<td class='no-events vendredi ven past-day past-date   no-events day-with-date'><div class='mc-date-container'><span class='mc-date no-events'><span aria-hidden='true'>3<\/span><span class='screen-reader-text'>3 avril 2026<\/span><\/span><\/div>\n<\/td>\n<td class='no-events samedi sam past-day past-date weekend  no-events day-with-date'><div class='mc-date-container'><span class='mc-date no-events'><span aria-hidden='true'>4<\/span><span class='screen-reader-text'>4 avril 2026<\/span><\/span><\/div>\n<\/td>\n<td class='no-events dimanche dim past-day past-date weekend  no-events day-with-date'><div class='mc-date-container'><span class='mc-date no-events'><span aria-hidden='true'>5<\/span><span class='screen-reader-text'>5 avril 2026<\/span><\/span><\/div>\n<\/td>\n<\/tr>\n<!-- End Event Row -->\n<tr class='mc-row'><td class='no-events lundi lun past-day past-date   no-events day-with-date'><div class='mc-date-container'><span class='mc-date no-events'><span aria-hidden='true'>6<\/span><span class='screen-reader-text'>6 avril 2026<\/span><\/span><\/div>\n<\/td>\n<td class='no-events mardi mar past-day past-date   no-events day-with-date'><div class='mc-date-container'><span class='mc-date no-events'><span aria-hidden='true'>7<\/span><span class='screen-reader-text'>7 avril 2026<\/span><\/span><\/div>\n<\/td>\n<td class='no-events mercredi mer past-day past-date   no-events day-with-date'><div class='mc-date-container'><span class='mc-date no-events'><span aria-hidden='true'>8<\/span><span class='screen-reader-text'>8 avril 2026<\/span><\/span><\/div>\n<\/td>\n<td class='no-events jeudi jeu past-day past-date   no-events day-with-date'><div class='mc-date-container'><span class='mc-date no-events'><span aria-hidden='true'>9<\/span><span class='screen-reader-text'>9 avril 2026<\/span><\/span><\/div>\n<\/td>\n<td class='no-events vendredi ven past-day past-date   no-events day-with-date'><div class='mc-date-container'><span class='mc-date no-events'><span aria-hidden='true'>10<\/span><span class='screen-reader-text'>10 avril 2026<\/span><\/span><\/div>\n<\/td>\n<td class='no-events samedi sam past-day past-date weekend  no-events day-with-date'><div class='mc-date-container'><span class='mc-date no-events'><span aria-hidden='true'>11<\/span><span class='screen-reader-text'>11 avril 2026<\/span><\/span><\/div>\n<\/td>\n<td class='no-events dimanche dim past-day past-date weekend  no-events day-with-date'><div class='mc-date-container'><span class='mc-date no-events'><span aria-hidden='true'>12<\/span><span class='screen-reader-text'>12 avril 2026<\/span><\/span><\/div>\n<\/td>\n<\/tr>\n<!-- End Event Row -->\n<tr class='mc-row'><td class='no-events lundi lun past-day past-date   no-events day-with-date'><div class='mc-date-container'><span class='mc-date no-events'><span aria-hidden='true'>13<\/span><span class='screen-reader-text'>13 avril 2026<\/span><\/span><\/div>\n<\/td>\n<td class='no-events mardi mar past-day past-date   no-events day-with-date'><div class='mc-date-container'><span class='mc-date no-events'><span aria-hidden='true'>14<\/span><span class='screen-reader-text'>14 avril 2026<\/span><\/span><\/div>\n<\/td>\n<td class='no-events mercredi mer past-day past-date   no-events day-with-date'><div class='mc-date-container'><span class='mc-date no-events'><span aria-hidden='true'>15<\/span><span class='screen-reader-text'>15 avril 2026<\/span><\/span><\/div>\n<\/td>\n<td class='no-events jeudi jeu past-day past-date   no-events day-with-date'><div class='mc-date-container'><span class='mc-date no-events'><span aria-hidden='true'>16<\/span><span class='screen-reader-text'>16 avril 2026<\/span><\/span><\/div>\n<\/td>\n<td class='no-events vendredi ven past-day past-date   no-events day-with-date'><div class='mc-date-container'><span class='mc-date no-events'><span aria-hidden='true'>17<\/span><span class='screen-reader-text'>17 avril 2026<\/span><\/span><\/div>\n<\/td>\n<td class='no-events samedi sam past-day past-date weekend  no-events day-with-date'><div class='mc-date-container'><span class='mc-date no-events'><span aria-hidden='true'>18<\/span><span class='screen-reader-text'>18 avril 2026<\/span><\/span><\/div>\n<\/td>\n<td class='no-events dimanche dim past-day past-date weekend  no-events day-with-date'><div class='mc-date-container'><span class='mc-date no-events'><span aria-hidden='true'>19<\/span><span class='screen-reader-text'>19 avril 2026<\/span><\/span><\/div>\n<\/td>\n<\/tr>\n<!-- End Event Row -->\n<tr class='mc-row'><td class='no-events lundi lun past-day past-date   no-events day-with-date'><div class='mc-date-container'><span class='mc-date no-events'><span aria-hidden='true'>20<\/span><span class='screen-reader-text'>20 avril 2026<\/span><\/span><\/div>\n<\/td>\n<td aria-current=\"date\" class='no-events mardi mar current-day   no-events day-with-date'><div class='mc-date-container'><span class='mc-date no-events'><span aria-hidden='true'>21<\/span><span class='screen-reader-text'>21 avril 2026<\/span><\/span><\/div>\n<\/td>\n<td class='no-events mercredi mer future-day   no-events day-with-date'><div class='mc-date-container'><span class='mc-date no-events'><span aria-hidden='true'>22<\/span><span class='screen-reader-text'>22 avril 2026<\/span><\/span><\/div>\n<\/td>\n<td class='no-events jeudi jeu future-day   no-events day-with-date'><div class='mc-date-container'><span class='mc-date no-events'><span aria-hidden='true'>23<\/span><span class='screen-reader-text'>23 avril 2026<\/span><\/span><\/div>\n<\/td>\n<td class='no-events vendredi ven future-day   no-events day-with-date'><div class='mc-date-container'><span class='mc-date no-events'><span aria-hidden='true'>24<\/span><span class='screen-reader-text'>24 avril 2026<\/span><\/span><\/div>\n<\/td>\n<td class='no-events samedi sam future-day weekend  no-events day-with-date'><div class='mc-date-container'><span class='mc-date no-events'><span aria-hidden='true'>25<\/span><span class='screen-reader-text'>25 avril 2026<\/span><\/span><\/div>\n<\/td>\n<td class='no-events dimanche dim future-day weekend  no-events day-with-date'><div class='mc-date-container'><span class='mc-date no-events'><span aria-hidden='true'>26<\/span><span class='screen-reader-text'>26 avril 2026<\/span><\/span><\/div>\n<\/td>\n<\/tr>\n<!-- End Event Row -->\n<tr class='mc-row'><td class='no-events lundi lun future-day   no-events day-with-date'><div class='mc-date-container'><span class='mc-date no-events'><span aria-hidden='true'>27<\/span><span class='screen-reader-text'>27 avril 2026<\/span><\/span><\/div>\n<\/td>\n<td class='no-events mardi mar future-day   no-events day-with-date'><div class='mc-date-container'><span class='mc-date no-events'><span aria-hidden='true'>28<\/span><span class='screen-reader-text'>28 avril 2026<\/span><\/span><\/div>\n<\/td>\n<td class='no-events mercredi mer future-day   no-events day-with-date'><div class='mc-date-container'><span class='mc-date no-events'><span aria-hidden='true'>29<\/span><span class='screen-reader-text'>29 avril 2026<\/span><\/span><\/div>\n<\/td>\n<td class='no-events jeudi jeu future-day   no-events day-with-date'><div class='mc-date-container'><span class='mc-date no-events'><span aria-hidden='true'>30<\/span><span class='screen-reader-text'>30 avril 2026<\/span><\/span><\/div>\n<\/td>\n<td class='no-events vendredi ven future-day  nextmonth no-events day-with-date'><div class='mc-date-container'><span class='mc-date no-events'><span aria-hidden='true'>1<\/span><span class='screen-reader-text'>1 mai 2026<\/span><\/span><\/div>\n<\/td>\n<td class='no-events samedi sam future-day weekend nextmonth no-events day-with-date'><div class='mc-date-container'><span class='mc-date no-events'><span aria-hidden='true'>2<\/span><span class='screen-reader-text'>2 mai 2026<\/span><\/span><\/div>\n<\/td>\n<td class='no-events dimanche dim future-day weekend nextmonth no-events day-with-date'><div class='mc-date-container'><span class='mc-date no-events'><span aria-hidden='true'>3<\/span><span class='screen-reader-text'>3 mai 2026<\/span><\/span><\/div>\n<\/td>\n<\/tr>\n<!-- End Event Row -->\n\n<\/tbody>\n<\/table><\/div><!-- .mc-content -->\n<nav class=\"my-calendar-navigation\" aria-label=\"Calendrier (Bas)\">\n<div class=\"mc_bottomnav my-calendar-footer\">\r\n\t\t<div class=\"my-calendar-nav\">\r\n\t\t\t<ul>\r\n\t\t\t\t<li class=\"my-calendar-prev\"><button type=\"button\" class=\"mc-navigation-button\" id=\"mc_previous_mc-948a6a8e8cd15db324902317a630b853\" data-href=\"https:\/\/fdvseyssins.fr\/wordpress\/agenda-2\/?cid=mc-948a6a8e8cd15db324902317a630b853&#038;dy&#038;month=3&#038;time=month&#038;yr=2026\"><span class=\"mc-icon\" aria-hidden=\"true\"><\/span><span class=\"maybe-hide\">Pr\u00e9c\u00e9dent <\/span><\/button><\/li><li class=\"my-calendar-today\"><button type=\"button\" id=\"mc_today_mc-948a6a8e8cd15db324902317a630b853\" data-href=\"https:\/\/fdvseyssins.fr\/wordpress\/agenda-2\/?cid=mc-948a6a8e8cd15db324902317a630b853\" class=\"mc-navigation-button today mc-active\" aria-current=\"true\"><span class=\"mc-icon\" aria-hidden=\"true\"><\/span>Aujourd\u2019hui<\/button><\/li><li class=\"my-calendar-next\"><button type=\"button\" class=\"mc-navigation-button\" id=\"mc_next_mc-948a6a8e8cd15db324902317a630b853\" data-href=\"https:\/\/fdvseyssins.fr\/wordpress\/agenda-2\/?cid=mc-948a6a8e8cd15db324902317a630b853&#038;dy&#038;month=5&#038;time=month&#038;yr=2026\"><span class=\"maybe-hide\">Suivant <\/span><span class=\"mc-icon\" aria-hidden=\"true\"><\/span><\/button><\/li>\r\n\t\t\t<\/ul>\r\n\t\t<\/div><div class='mc-format'>\r\n\t\t<ul><li><button type='button' id='mc_grid-mc-948a6a8e8cd15db324902317a630b853' data-href='https:\/\/fdvseyssins.fr\/wordpress\/agenda-2\/?format=calendar' aria-pressed=\"true\" class='mc-navigation-button mc-grid-option mc-active'><span class='mc-icon' aria-hidden='true'><\/span><span class=\"maybe-hide\">Vue <\/span>Calendrier<\/button><\/li><li><button type='button' id='mc_card-mc-948a6a8e8cd15db324902317a630b853' data-href='https:\/\/fdvseyssins.fr\/wordpress\/agenda-2\/?format=card' class='mc-navigation-button mc-card-option'><span class='mc-icon' aria-hidden='true'><\/span><span class=\"maybe-hide\">Vue <\/span>Cartes<\/button><\/li><li><button type='button' id='mc_list-mc-948a6a8e8cd15db324902317a630b853' data-href='https:\/\/fdvseyssins.fr\/wordpress\/agenda-2\/?format=list'  class='mc-navigation-button mc-list-option'><span class='mc-icon' aria-hidden='true'><\/span><span class=\"maybe-hide\">Vue en <\/span>Liste<\/button><\/li><\/ul>\r\n\t\t<\/div><div class=\"my-calendar-date-switcher\"><form class=\"mc-date-switcher\" action=\"https:\/\/fdvseyssins.fr\/wordpress\/wp-json\/wp\/v2\/pages\/225\/\" method=\"get\"><div><input type=\"hidden\" name=\"cid\" value=\"mc-948a6a8e8cd15db324902317a630b853\" \/> <label class=\"maybe-hide\" for=\"mc-948a6a8e8cd15db324902317a630b853-month\">Mois<\/label> <select id=\"mc-948a6a8e8cd15db324902317a630b853-month\" name=\"month\">\n<option value='1'>janvier<\/option>\n<option value='2'>f\u00e9vrier<\/option>\n<option value='3'>mars<\/option>\n<option value='4' selected='selected'>avril<\/option>\n<option value='5'>mai<\/option>\n<option value='6'>juin<\/option>\n<option value='7'>juillet<\/option>\n<option value='8'>ao\u00fbt<\/option>\n<option value='9'>septembre<\/option>\n<option value='10'>octobre<\/option>\n<option value='11'>novembre<\/option>\n<option value='12'>d\u00e9cembre<\/option>\n<\/select>\n <label class=\"maybe-hide\" for=\"mc-948a6a8e8cd15db324902317a630b853-year\">Ann\u00e9e<\/label> <select id=\"mc-948a6a8e8cd15db324902317a630b853-year\" name=\"yr\">\n<option value=\"2016\">2016<\/option>\n<option value=\"2017\">2017<\/option>\n<option value=\"2018\">2018<\/option>\n<option value=\"2019\">2019<\/option>\n<option value=\"2020\">2020<\/option>\n<option value=\"2021\">2021<\/option>\n<option value=\"2022\">2022<\/option>\n<option value=\"2023\">2023<\/option>\n<option value=\"2024\">2024<\/option>\n<option value=\"2025\">2025<\/option>\n<option value=\"2026\" selected='selected'>2026<\/option>\n<\/select> <input type=\"submit\" class=\"button\" id=\"mc-948a6a8e8cd15db324902317a630b853-button\" value=\"Aller\" \/><\/div><\/form><\/div><div class='mc-print'><a id='mc_print-mc-948a6a8e8cd15db324902317a630b853' href='https:\/\/fdvseyssins.fr\/wordpress?cid=mc-print-view&#038;dy=1&#038;href=https%3A%2F%2Ffdvseyssins.fr%2Fwordpress%2Fwp-json%2Fwp%2Fv2%2Fpages%2F225%2F&#038;month=4&#038;time=month&#038;yr=2026' rel='nofollow'><span class='mc-icon' aria-hidden='true'><\/span><span class=\"maybe-hide\">Vue<\/span> impression<\/a><\/div><div class='mc-time'><ul><li><button type='button' id='mc_month-mc-948a6a8e8cd15db324902317a630b853' data-href='https:\/\/fdvseyssins.fr\/wordpress\/agenda-2\/?cid=mc-948a6a8e8cd15db324902317a630b853&#038;time=month' class='mc-navigation-button month mc-active' aria-pressed='true'>Mois<\/button><\/li><li><button type='button' id='mc_week-mc-948a6a8e8cd15db324902317a630b853' data-href='https:\/\/fdvseyssins.fr\/wordpress\/agenda-2\/?cid=mc-948a6a8e8cd15db324902317a630b853&#038;dy=20&#038;month=4&#038;time=week&#038;yr=2026' class='mc-navigation-button week'>Semaine<\/button><\/li><li><button type='button' id='mc_day-mc-948a6a8e8cd15db324902317a630b853' data-href='https:\/\/fdvseyssins.fr\/wordpress\/agenda-2\/?cid=mc-948a6a8e8cd15db324902317a630b853&#038;dy=20&#038;time=day' class='mc-navigation-button day'>Jour<\/button><li><\/ul><\/div><div class=\"category-key no-icons\"><h3 class=\"maybe-hide\">Cat\u00e9gories<\/h3>\n<ul>\n<li class=\"cat_annulation-de-crneau\"><button type=\"button\" class=\"mc-navigation-button\" id=\"mc_cat_3-mc-948a6a8e8cd15db324902317a630b853\" data-href=\"https:\/\/fdvseyssins.fr\/wordpress\/agenda-2\/?mcat=3\" ><span class=\"category-color-sample no-icon\" style=\"background:#dd3333;\"> &nbsp; <\/span><span class=\"mc-category-title\">Annulation de cr\u00e9neau<\/span><\/button><\/li><li class=\"cat_assemble-gnrale\"><button type=\"button\" class=\"mc-navigation-button\" id=\"mc_cat_8-mc-948a6a8e8cd15db324902317a630b853\" data-href=\"https:\/\/fdvseyssins.fr\/wordpress\/agenda-2\/?mcat=8\" ><span class=\"category-color-sample no-icon\" style=\"background:#4bf1f4;\"> &nbsp; <\/span><span class=\"mc-category-title\">Assembl\u00e9e g\u00e9n\u00e9rale<\/span><\/button><\/li><li class=\"cat_crneau-dentrainement\"><button type=\"button\" class=\"mc-navigation-button\" id=\"mc_cat_2-mc-948a6a8e8cd15db324902317a630b853\" data-href=\"https:\/\/fdvseyssins.fr\/wordpress\/agenda-2\/?mcat=2\" ><span class=\"category-color-sample no-icon\" style=\"background:#dd9933;\"> &nbsp; <\/span><span class=\"mc-category-title\">Cr\u00e9neau d'entrainement<\/span><\/button><\/li><li class=\"cat_general\"><button type=\"button\" class=\"mc-navigation-button\" id=\"mc_cat_1-mc-948a6a8e8cd15db324902317a630b853\" data-href=\"https:\/\/fdvseyssins.fr\/wordpress\/agenda-2\/?mcat=1\" ><span class=\"category-color-sample no-icon\" style=\"background:#7a1348;\"> &nbsp; <\/span><span class=\"mc-category-title\">General<\/span><\/button><\/li><li class=\"cat_runion-du-bureau\"><button type=\"button\" class=\"mc-navigation-button\" id=\"mc_cat_6-mc-948a6a8e8cd15db324902317a630b853\" data-href=\"https:\/\/fdvseyssins.fr\/wordpress\/agenda-2\/?mcat=6\" ><span class=\"category-color-sample no-icon\" style=\"background:#8224e3;\"> &nbsp; <\/span><span class=\"mc-category-title\">R\u00e9union du bureau<\/span><\/button><\/li><li class=\"cat_tournoi\"><button type=\"button\" class=\"mc-navigation-button\" id=\"mc_cat_4-mc-948a6a8e8cd15db324902317a630b853\" data-href=\"https:\/\/fdvseyssins.fr\/wordpress\/agenda-2\/?mcat=4\" ><span class=\"category-color-sample no-icon\" style=\"background:#81d742;\"> &nbsp; <\/span><span class=\"mc-category-title\">Tournoi<\/span><\/button><\/li><li class='all-categories'><span class='mc-active' id='mc_cat_all-mc-948a6a8e8cd15db324902317a630b853' tabindex='-1'>Toutes les cat\u00e9gories<\/span><\/li><\/ul><\/div><div class='mc-export mc-subscribe'>\r\n\t<ul><li class='ics google'><a href='https:\/\/www.google.com\/calendar\/render?cid=webcal:\/\/fdvseyssins.fr\/wordpress\/feed\/my-calendar-google\/' rel='nofollow'><span class='mc-icon' aria-hidden='true'><\/span><span class=\"maybe-hide\">Cr\u00e9er un compte <\/span>Google<\/a><\/li><li class='ics ical'><a href='webcal:\/\/fdvseyssins.fr\/wordpress\/feed\/my-calendar-google\/' rel='nofollow'><span class='mc-icon' aria-hidden='true'><\/span><span class=\"maybe-hide\">Cr\u00e9er un compte <\/span>iCal<\/a><\/li><\/ul>\r\n<\/div><\/div>\n<\/nav>\n\r\n<\/div><!-- Close Main My Calendar Wrapper --><\/span><\/p>\n","protected":false},"excerpt":{"rendered":"","protected":false},"author":1,"featured_media":0,"parent":0,"menu_order":2,"comment_status":"open","ping_status":"open","template":"","meta":{"_mc_calendar":{"weekends":"true","shortcode":"[my_calendar weekends=&quot;true&quot;]","append":""},"footnotes":""},"class_list":["post-225","page","type-page","status-publish","hentry"],"_links":{"self":[{"href":"https:\/\/fdvseyssins.fr\/wordpress\/wp-json\/wp\/v2\/pages\/225","targetHints":{"allow":["GET"]}}],"collection":[{"href":"https:\/\/fdvseyssins.fr\/wordpress\/wp-json\/wp\/v2\/pages"}],"about":[{"href":"https:\/\/fdvseyssins.fr\/wordpress\/wp-json\/wp\/v2\/types\/page"}],"author":[{"embeddable":true,"href":"https:\/\/fdvseyssins.fr\/wordpress\/wp-json\/wp\/v2\/users\/1"}],"replies":[{"embeddable":true,"href":"https:\/\/fdvseyssins.fr\/wordpress\/wp-json\/wp\/v2\/comments?post=225"}],"version-history":[{"count":2,"href":"https:\/\/fdvseyssins.fr\/wordpress\/wp-json\/wp\/v2\/pages\/225\/revisions"}],"predecessor-version":[{"id":1325,"href":"https:\/\/fdvseyssins.fr\/wordpress\/wp-json\/wp\/v2\/pages\/225\/revisions\/1325"}],"wp:attachment":[{"href":"https:\/\/fdvseyssins.fr\/wordpress\/wp-json\/wp\/v2\/media?parent=225"}],"curies":[{"name":"wp","href":"https:\/\/api.w.org\/{rel}","templated":true}]}}