{"id":127,"date":"2014-10-11T15:12:01","date_gmt":"2014-10-11T13:12:01","guid":{"rendered":"http:\/\/fdvseyssins.fr\/wordpress\/?page_id=127"},"modified":"2017-12-22T12:09:55","modified_gmt":"2017-12-22T11:09:55","slug":"principes","status":"publish","type":"page","link":"https:\/\/fdvseyssins.fr\/wordpress\/tournois\/principes\/","title":{"rendered":"Principes"},"content":{"rendered":"<h1>Objectif des tournois<\/h1>\n<p>Les tournois amicaux de badminton organis\u00e9s par les fous du volant sont conviviaux. Ils ont pour objectif de :<\/p>\n<ul>\n<li>jouer au badminton (s&rsquo;amuser)<\/li>\n<li>d\u00e9cloisonner les cr\u00e9neaux (partager)<\/li>\n<\/ul>\n<h1>Un tournoi pour qui ?<\/h1>\n<p>D&rsquo;abord pour les membres de l&rsquo;association.<\/p>\n<p>Il arrive d&rsquo;ouvrir le tournoi aux ext\u00e9rieurs, si le nombre de participants inscrits est faible (mais c&rsquo;est de plus en plus rare).<\/p>\n<h1>Inscription<\/h1>\n<p>Quelques semaines avant le tournoi de badminton, les fous du volant lancent des invitations \u00e0 leurs adh\u00e9rents.<\/p>\n<p>Les adh\u00e9rents doivent r\u00e9pondre (participation ou non participation) avant la date limite d&rsquo;inscription fix\u00e9e dans l&rsquo;invitation.<\/p>\n<h1>D\u00e9roulement<\/h1>\n<p>Chaque match de badminton se d\u00e9roule en 7 ou 8 minutes (selon l&rsquo;affluence au tournoi)<\/p>\n<p>On joue en double. Nous privil\u00e9gions les double-mixte (1 femme + 1 homme ou bien 1 jeune + 1 homme) dans la mesure du possible (c&rsquo;est \u00e0 dire si le nombre d&rsquo;inscriTES est \u00e9gal au nombre d&rsquo;inscriTS \ud83d\ude42<\/p>\n<figure id=\"attachment_93\" aria-describedby=\"caption-attachment-93\" style=\"width: 268px\" class=\"wp-caption aligncenter\"><a href=\"https:\/\/fdvseyssins.fr\/wordpress\/wp-content\/uploads\/2014\/10\/tournoi.jpg\"><img loading=\"lazy\" decoding=\"async\" class=\"size-full wp-image-93\" src=\"https:\/\/fdvseyssins.fr\/wordpress\/wp-content\/uploads\/2014\/10\/tournoi.jpg\" alt=\"Eric (samedi) et Crystel (jeudi) pendant un tournoi amical de badminton organis\u00e9 par les fous du volant\" width=\"268\" height=\"193\" \/><\/a><figcaption id=\"caption-attachment-93\" class=\"wp-caption-text\">Eric (samedi) et Crystel (jeudi) pendant un tournoi amical de badminton organis\u00e9 par les fous du volant<\/figcaption><\/figure>\n<p>L&rsquo;ensemble des participants jouent le m\u00eame nombre de matchs<\/p>\n<p>A chaque s\u00e9rie de matchs, les \u00e9quipes sont tir\u00e9es au sort ainsi que les adversaires. L&rsquo;objectif est de ne pas jouer toujours avec la m\u00eame personne, ni toujours contre les m\u00eames adversaires afin de conserver une \u00e9quit\u00e9 de chance et surtout de s&rsquo;amuser.<\/p>\n<p>A chaque fin de match, on inscrit les scores de chaque joueur.<\/p>\n<h1>Vainqueur du tournoi<\/h1>\n<p>Est d\u00e9clar\u00e9 vainqueur du tournoi, la personne qui a marqu\u00e9 le plus de point en fin de journ\u00e9e.<\/p>\n<h1>Lots<\/h1>\n<p>Le vainqueur gagne la consid\u00e9ration des autres membres de l&rsquo;association.<\/p>\n<p>On vous a dit que ce tournoi c&rsquo;\u00e9tait d&rsquo;abord pour s&rsquo;amuser.<\/p>\n<h1>Repas<\/h1>\n<p>Le bureau s&rsquo;occupe du ravitaillement.<\/p>\n<p>Le repas (buffet froid) est offert aux membres de l&rsquo;association.<\/p>\n","protected":false},"excerpt":{"rendered":"<p>Objectif des tournois Les tournois amicaux de badminton organis\u00e9s par les fous du volant sont conviviaux. Ils ont pour objectif de : jouer au badminton (s&rsquo;amuser) d\u00e9cloisonner les cr\u00e9neaux (partager) Un tournoi pour qui ? D&rsquo;abord pour les membres de l&rsquo;association. Il arrive d&rsquo;ouvrir le tournoi aux ext\u00e9rieurs, si le nombre de participants inscrits est &hellip; <a href=\"https:\/\/fdvseyssins.fr\/wordpress\/tournois\/principes\/\" class=\"more-link\">Continuer la lecture de <span class=\"screen-reader-text\">Principes<\/span>  <span class=\"meta-nav\">&rarr;<\/span><\/a><\/p>\n","protected":false},"author":1,"featured_media":0,"parent":92,"menu_order":0,"comment_status":"open","ping_status":"open","template":"","meta":{"_mc_calendar":[],"footnotes":""},"class_list":["post-127","page","type-page","status-publish","hentry"],"_links":{"self":[{"href":"https:\/\/fdvseyssins.fr\/wordpress\/wp-json\/wp\/v2\/pages\/127","targetHints":{"allow":["GET"]}}],"collection":[{"href":"https:\/\/fdvseyssins.fr\/wordpress\/wp-json\/wp\/v2\/pages"}],"about":[{"href":"https:\/\/fdvseyssins.fr\/wordpress\/wp-json\/wp\/v2\/types\/page"}],"author":[{"embeddable":true,"href":"https:\/\/fdvseyssins.fr\/wordpress\/wp-json\/wp\/v2\/users\/1"}],"replies":[{"embeddable":true,"href":"https:\/\/fdvseyssins.fr\/wordpress\/wp-json\/wp\/v2\/comments?post=127"}],"version-history":[{"count":4,"href":"https:\/\/fdvseyssins.fr\/wordpress\/wp-json\/wp\/v2\/pages\/127\/revisions"}],"predecessor-version":[{"id":719,"href":"https:\/\/fdvseyssins.fr\/wordpress\/wp-json\/wp\/v2\/pages\/127\/revisions\/719"}],"up":[{"embeddable":true,"href":"https:\/\/fdvseyssins.fr\/wordpress\/wp-json\/wp\/v2\/pages\/92"}],"wp:attachment":[{"href":"https:\/\/fdvseyssins.fr\/wordpress\/wp-json\/wp\/v2\/media?parent=127"}],"curies":[{"name":"wp","href":"https:\/\/api.w.org\/{rel}","templated":true}]}}