{"id":103,"date":"2014-10-04T15:53:34","date_gmt":"2014-10-04T13:53:34","guid":{"rendered":"http:\/\/fdvseyssins.fr\/wordpress\/?page_id=103"},"modified":"2025-08-23T16:37:18","modified_gmt":"2025-08-23T14:37:18","slug":"la-charte","status":"publish","type":"page","link":"https:\/\/fdvseyssins.fr\/wordpress\/accueil\/la-charte\/","title":{"rendered":"La charte"},"content":{"rendered":"<p>Pour que la pratique du badminton reste un plaisir pour l&rsquo;ensemble de nos adh\u00e9rents voici la charte adopt\u00e9e par le bureau de l&rsquo;association \u00ab\u00a0Les fous du volant\u00a0\u00bb de Seyssins.<\/p>\n<p>Nous encourageons bien s\u00fbr chacun de nos adh\u00e9rents \u00e0 en prendre connaissance et \u00e0 l&rsquo;appliquer.<\/p>\n<h1>1. L&rsquo;accueil<\/h1>\n<p>Rien de plus agr\u00e9able qu\u2019un BONJOUR ou BONSOIR chaleureux pour se mettre en forme et en joie pour une bonne s\u00e9ance.<\/p>\n<h1>2. La tenue<\/h1>\n<p>Le badminton n\u2019est pas un sport de plage donc des chaussures de sport adapt\u00e9es sont obligatoires.<\/p>\n<h1>3.\u00a0 L&rsquo;\u00e9chauffement<\/h1>\n<p>M\u00eame si le certificat m\u00e9dical n&rsquo;est pas obligatoire, savoir \u00e9couter et respecter son corps est un minimum. Donc n\u2019oublie pas l\u2019\u00e9chauffement. Le badminton est un sport dur pour les muscles et tendons.<\/p>\n<h1>4. Le respect et l&rsquo;assiduit\u00e9<\/h1>\n<p>C\u2019est tout mettre en \u0153uvre afin que le cr\u00e9neau se passe dans la convivialit\u00e9 et la bonne humeur :<\/p>\n<ul>\n<li>Se mettre en r\u00e8gle (ch\u00e8que, ou ep\u00e8ces ou virement) d\u00e8s la premi\u00e8re s\u00e9ance de badminton,<\/li>\n<li>Mettre en place les terrains et les ranger, en respectant le mat\u00e9riel (notamment les filets)<\/li>\n<li>Ne pas monopoliser un terrain, faire des rotations pour s&rsquo;assurer que tout le monde joue,<\/li>\n<li>Jouer avec tout le monde afin de progresser et faire progresser les autres, (on joue en double, on fait un set, pas de revanche, on change de partenaire et d&rsquo;adversaires au set suivant)<\/li>\n<li>Ne pas d\u00e9grader les locaux ni les mat\u00e9riels qui font partie du bien commun (soit de la ville, soit de l&rsquo;association)<\/li>\n<li>Venir r\u00e9guli\u00e8rement et adh\u00e9rer \u00e0 cette charte\u00a0(Sinon il existe des\u00a0organismes commerciaux\u00a0par ailleurs qui fournissent des prestations pour jouer \u00e0 la carte).<\/li>\n<\/ul>\n<h1>5. Se tenir inform\u00e9 et participer \u00e0 la vie de l&rsquo;association\u00a0 \u00ab\u00a0Les fous du volant\u00a0\u00bb<\/h1>\n<p>Consulter r\u00e9guli\u00e8rement le site www.fdvseyssins.fr pour se tenir inform\u00e9 de la vie de l&rsquo;association (dates des tournois, mat\u00e9riels en vente, \u00e9v\u00e8nements divers&#8230;)<\/p>\n<p>Solliciter les membres du bureau pour toute demande d&rsquo;information, proposition d&rsquo;am\u00e9lioration etc&#8230;<\/p>\n<p>Participer, aider \u00e0 l&rsquo;organisation des \u00e9v\u00e8nements tels que les tournois en respectant \u00e0 minima les consignes d&rsquo;organisation (horaires, tirage au sort des matchs&#8230;)<\/p>\n<h1>6. S&rsquo;amuser<\/h1>\n<p>Ne pas oublier que c&rsquo;est un club de loisir. Pas de mauvais esprit ! Ce n&rsquo;est qu&rsquo;un jeu !<\/p>\n","protected":false},"excerpt":{"rendered":"<p>Pour que la pratique du badminton reste un plaisir pour l&rsquo;ensemble de nos adh\u00e9rents voici la charte adopt\u00e9e par le bureau de l&rsquo;association \u00ab\u00a0Les fous du volant\u00a0\u00bb de Seyssins. Nous encourageons bien s\u00fbr chacun de nos adh\u00e9rents \u00e0 en prendre connaissance et \u00e0 l&rsquo;appliquer. 1. L&rsquo;accueil Rien de plus agr\u00e9able qu\u2019un BONJOUR ou BONSOIR chaleureux &hellip; <a href=\"https:\/\/fdvseyssins.fr\/wordpress\/accueil\/la-charte\/\" class=\"more-link\">Continuer la lecture de <span class=\"screen-reader-text\">La charte<\/span>  <span class=\"meta-nav\">&rarr;<\/span><\/a><\/p>\n","protected":false},"author":1,"featured_media":0,"parent":2,"menu_order":0,"comment_status":"open","ping_status":"open","template":"","meta":{"_mc_calendar":[],"footnotes":""},"class_list":["post-103","page","type-page","status-publish","hentry"],"_links":{"self":[{"href":"https:\/\/fdvseyssins.fr\/wordpress\/wp-json\/wp\/v2\/pages\/103","targetHints":{"allow":["GET"]}}],"collection":[{"href":"https:\/\/fdvseyssins.fr\/wordpress\/wp-json\/wp\/v2\/pages"}],"about":[{"href":"https:\/\/fdvseyssins.fr\/wordpress\/wp-json\/wp\/v2\/types\/page"}],"author":[{"embeddable":true,"href":"https:\/\/fdvseyssins.fr\/wordpress\/wp-json\/wp\/v2\/users\/1"}],"replies":[{"embeddable":true,"href":"https:\/\/fdvseyssins.fr\/wordpress\/wp-json\/wp\/v2\/comments?post=103"}],"version-history":[{"count":4,"href":"https:\/\/fdvseyssins.fr\/wordpress\/wp-json\/wp\/v2\/pages\/103\/revisions"}],"predecessor-version":[{"id":1547,"href":"https:\/\/fdvseyssins.fr\/wordpress\/wp-json\/wp\/v2\/pages\/103\/revisions\/1547"}],"up":[{"embeddable":true,"href":"https:\/\/fdvseyssins.fr\/wordpress\/wp-json\/wp\/v2\/pages\/2"}],"wp:attachment":[{"href":"https:\/\/fdvseyssins.fr\/wordpress\/wp-json\/wp\/v2\/media?parent=103"}],"curies":[{"name":"wp","href":"https:\/\/api.w.org\/{rel}","templated":true}]}}